{"id":201,"date":"2018-12-27T15:41:23","date_gmt":"2018-12-27T15:41:23","guid":{"rendered":"https:\/\/parallels.etcnet.fi\/?page_id=201"},"modified":"2025-02-24T14:46:51","modified_gmt":"2025-02-24T14:46:51","slug":"uutisia","status":"publish","type":"page","link":"https:\/\/parallels.etcnet.fi\/index.php\/uutisia\/","title":{"rendered":"Uutisia"},"content":{"rendered":"\t\t<div data-elementor-type=\"wp-post\" data-elementor-id=\"201\" class=\"elementor elementor-201\" data-elementor-post-type=\"page\">\n\t\t\t\t\t\t<section class=\"elementor-section elementor-top-section elementor-element elementor-element-b37b5ed elementor-section-boxed elementor-section-height-default elementor-section-height-default\" data-id=\"b37b5ed\" data-element_type=\"section\" data-e-type=\"section\">\n\t\t\t\t\t\t<div class=\"elementor-container elementor-column-gap-default\">\n\t\t\t\t\t<div class=\"elementor-column elementor-col-100 elementor-top-column elementor-element elementor-element-c98800a\" data-id=\"c98800a\" data-element_type=\"column\" data-e-type=\"column\">\n\t\t\t<div class=\"elementor-widget-wrap elementor-element-populated\">\n\t\t\t\t\t\t<div class=\"elementor-element elementor-element-d629115 elementor-widget elementor-widget-heading\" data-id=\"d629115\" data-element_type=\"widget\" data-e-type=\"widget\" data-widget_type=\"heading.default\">\n\t\t\t\t<div class=\"elementor-widget-container\">\n\t\t\t\t\t<h2 class=\"elementor-heading-title elementor-size-default\">Corel ostaa Parallelsin<\/h2>\t\t\t\t<\/div>\n\t\t\t\t<\/div>\n\t\t\t\t\t<\/div>\n\t\t<\/div>\n\t\t\t\t\t<\/div>\n\t\t<\/section>\n\t\t\t\t<section class=\"elementor-section elementor-top-section elementor-element elementor-element-f5323d9 elementor-section-boxed elementor-section-height-default elementor-section-height-default\" data-id=\"f5323d9\" data-element_type=\"section\" data-e-type=\"section\">\n\t\t\t\t\t\t<div class=\"elementor-container elementor-column-gap-default\">\n\t\t\t\t\t<div class=\"elementor-column elementor-col-100 elementor-top-column elementor-element elementor-element-d8b5f3e\" data-id=\"d8b5f3e\" data-element_type=\"column\" data-e-type=\"column\">\n\t\t\t<div class=\"elementor-widget-wrap elementor-element-populated\">\n\t\t\t\t\t\t<div class=\"elementor-element elementor-element-637a1e9 elementor-widget elementor-widget-text-editor\" data-id=\"637a1e9\" data-element_type=\"widget\" data-e-type=\"widget\" data-widget_type=\"text-editor.default\">\n\t\t\t\t<div class=\"elementor-widget-container\">\n\t\t\t\t\t\t\t\t\t<p>20.12.2018\u00a0 Kanadalainen ohjelmistoyritys Corel hankki omistukseensa Parallels yrityksen, joka tunnetaan Parallels RASin lis\u00e4ksi MAC:lle tarkoitetusta virtuaalisoinnista sek\u00e4\u00a0 apuohjelmista<\/p><p><a href=\"https:\/\/www.parallels.com\/blogs\/parallels-joins-the-corel-family\/\" target=\"_blank\" rel=\"noopener\">Parallelsin lehdist\u00f6tiedote<\/a><\/p>\t\t\t\t\t\t\t\t<\/div>\n\t\t\t\t<\/div>\n\t\t\t\t\t<\/div>\n\t\t<\/div>\n\t\t\t\t\t<\/div>\n\t\t<\/section>\n\t\t\t\t<section class=\"elementor-section elementor-top-section elementor-element elementor-element-6350dfa elementor-section-boxed elementor-section-height-default elementor-section-height-default\" data-id=\"6350dfa\" data-element_type=\"section\" data-e-type=\"section\">\n\t\t\t\t\t\t<div class=\"elementor-container elementor-column-gap-default\">\n\t\t\t\t\t<div class=\"elementor-column elementor-col-100 elementor-top-column elementor-element elementor-element-abe7637\" data-id=\"abe7637\" data-element_type=\"column\" data-e-type=\"column\">\n\t\t\t<div class=\"elementor-widget-wrap elementor-element-populated\">\n\t\t\t\t\t\t<div class=\"elementor-element elementor-element-3bcf73e elementor-widget elementor-widget-heading\" data-id=\"3bcf73e\" data-element_type=\"widget\" data-e-type=\"widget\" data-widget_type=\"heading.default\">\n\t\t\t\t<div class=\"elementor-widget-container\">\n\t\t\t\t\t<h2 class=\"elementor-heading-title elementor-size-default\">Uusi versio 17<\/h2>\t\t\t\t<\/div>\n\t\t\t\t<\/div>\n\t\t\t\t\t<\/div>\n\t\t<\/div>\n\t\t\t\t\t<\/div>\n\t\t<\/section>\n\t\t\t\t<section class=\"elementor-section elementor-top-section elementor-element elementor-element-d74564d elementor-section-boxed elementor-section-height-default elementor-section-height-default\" data-id=\"d74564d\" data-element_type=\"section\" data-e-type=\"section\">\n\t\t\t\t\t\t<div class=\"elementor-container elementor-column-gap-default\">\n\t\t\t\t\t<div class=\"elementor-column elementor-col-100 elementor-top-column elementor-element elementor-element-afa14ee\" data-id=\"afa14ee\" data-element_type=\"column\" data-e-type=\"column\">\n\t\t\t<div class=\"elementor-widget-wrap elementor-element-populated\">\n\t\t\t\t\t\t<div class=\"elementor-element elementor-element-7770761 elementor-widget elementor-widget-text-editor\" data-id=\"7770761\" data-element_type=\"widget\" data-e-type=\"widget\" data-widget_type=\"text-editor.default\">\n\t\t\t\t<div class=\"elementor-widget-container\">\n\t\t\t\t\t\t\t\t\t<p>25.06.2019\u00a0 Parallels RAS uusin versio 17 on julkaistu. Uutta on Google Authenticator, Windows Server 2019 tuki, teko-\u00e4ly toiminto nopeaan kirjautumiseen, paranneltuja hallinta ty\u00f6kaluja\u00a0 ja paljon muuta.<\/p><p><a href=\"https:\/\/www.parallels.com\/blogs\/ras\/parallels-ras-17\/\" target=\"_blank\" rel=\"noopener\">Parallelsin tiedote<\/a><\/p>\t\t\t\t\t\t\t\t<\/div>\n\t\t\t\t<\/div>\n\t\t\t\t\t<\/div>\n\t\t<\/div>\n\t\t\t\t\t<\/div>\n\t\t<\/section>\n\t\t\t\t<section class=\"elementor-section elementor-top-section elementor-element elementor-element-d4c2dea elementor-section-boxed elementor-section-height-default elementor-section-height-default\" data-id=\"d4c2dea\" data-element_type=\"section\" data-e-type=\"section\">\n\t\t\t\t\t\t<div class=\"elementor-container elementor-column-gap-default\">\n\t\t\t\t\t<div class=\"elementor-column elementor-col-100 elementor-top-column elementor-element elementor-element-a5aa489\" data-id=\"a5aa489\" data-element_type=\"column\" data-e-type=\"column\">\n\t\t\t<div class=\"elementor-widget-wrap elementor-element-populated\">\n\t\t\t\t\t\t<div class=\"elementor-element elementor-element-7775fa0 elementor-widget elementor-widget-heading\" data-id=\"7775fa0\" data-element_type=\"widget\" data-e-type=\"widget\" data-widget_type=\"heading.default\">\n\t\t\t\t<div class=\"elementor-widget-container\">\n\t\t\t\t\t<h2 class=\"elementor-heading-title elementor-size-default\">IDC luokittelee Parallels \"Major Player\" \n<\/h2>\t\t\t\t<\/div>\n\t\t\t\t<\/div>\n\t\t\t\t\t<\/div>\n\t\t<\/div>\n\t\t\t\t\t<\/div>\n\t\t<\/section>\n\t\t\t\t<section class=\"elementor-section elementor-top-section elementor-element elementor-element-0b31623 elementor-section-boxed elementor-section-height-default elementor-section-height-default\" data-id=\"0b31623\" data-element_type=\"section\" data-e-type=\"section\">\n\t\t\t\t\t\t<div class=\"elementor-container elementor-column-gap-default\">\n\t\t\t\t\t<div class=\"elementor-column elementor-col-100 elementor-top-column elementor-element elementor-element-ae29201\" data-id=\"ae29201\" data-element_type=\"column\" data-e-type=\"column\">\n\t\t\t<div class=\"elementor-widget-wrap elementor-element-populated\">\n\t\t\t\t\t\t<div class=\"elementor-element elementor-element-e7ce3c8 elementor-widget elementor-widget-text-editor\" data-id=\"e7ce3c8\" data-element_type=\"widget\" data-e-type=\"widget\" data-widget_type=\"text-editor.default\">\n\t\t\t\t<div class=\"elementor-widget-container\">\n\t\t\t\t\t\t\t\t\t<p>04.02.2020 IDC MarketScape positioi Parallels RAS &#8220;Mayor Player&#8221; luokkaan Virtual Client Computing Vendor- arvioinnissaan, Microsoftin ja Amazonin kanssa.\u00a0<\/p><p><a href=\"https:\/\/s3.amazonaws.com\/uploads.futuresimple.com\/uploads\/792320\/1416491\/9f69ab71-aa2e-40f4-8689-1cc319dd9774?AWSAccessKeyId=AKIAJLLIUQD6FB533VMA&amp;Expires=1580827734&amp;Signature=ar7T4bDtgrYdYtok3p8khCjKzjo%3D&amp;response-content-disposition=attachment%3B%20filename%2A%3D%20UTF-8%27%27IDC-MarketScape-Worldwide-Virtual-Client-Computing-2019-2020-Vendor-Assessment-licensed-excerpt-US45752419e_Parallels.pdf&amp;response-content-type=application%2Fpdf\">Lataa raportti!<\/a><\/p>\t\t\t\t\t\t\t\t<\/div>\n\t\t\t\t<\/div>\n\t\t\t\t\t<\/div>\n\t\t<\/div>\n\t\t\t\t\t<\/div>\n\t\t<\/section>\n\t\t\t\t<section class=\"elementor-section elementor-top-section elementor-element elementor-element-2b11a71 elementor-section-boxed elementor-section-height-default elementor-section-height-default\" data-id=\"2b11a71\" data-element_type=\"section\" data-e-type=\"section\">\n\t\t\t\t\t\t<div class=\"elementor-container elementor-column-gap-default\">\n\t\t\t\t\t<div class=\"elementor-column elementor-col-100 elementor-top-column elementor-element elementor-element-ac54faf\" data-id=\"ac54faf\" data-element_type=\"column\" data-e-type=\"column\">\n\t\t\t<div class=\"elementor-widget-wrap elementor-element-populated\">\n\t\t\t\t\t\t<div class=\"elementor-element elementor-element-807b460 elementor-widget elementor-widget-heading\" data-id=\"807b460\" data-element_type=\"widget\" data-e-type=\"widget\" data-widget_type=\"heading.default\">\n\t\t\t\t<div class=\"elementor-widget-container\">\n\t\t\t\t\t<h2 class=\"elementor-heading-title elementor-size-default\">IDG:n Virtual Desktop testiss\u00e4 RAS sai t\u00e4yden kympin testivoittajana<\/h2>\t\t\t\t<\/div>\n\t\t\t\t<\/div>\n\t\t\t\t\t<\/div>\n\t\t<\/div>\n\t\t\t\t\t<\/div>\n\t\t<\/section>\n\t\t\t\t<section class=\"elementor-section elementor-top-section elementor-element elementor-element-5e0b230 elementor-section-boxed elementor-section-height-default elementor-section-height-default\" data-id=\"5e0b230\" data-element_type=\"section\" data-e-type=\"section\">\n\t\t\t\t\t\t<div class=\"elementor-container elementor-column-gap-default\">\n\t\t\t\t\t<div class=\"elementor-column elementor-col-100 elementor-top-column elementor-element elementor-element-d653a7e\" data-id=\"d653a7e\" data-element_type=\"column\" data-e-type=\"column\">\n\t\t\t<div class=\"elementor-widget-wrap elementor-element-populated\">\n\t\t\t\t\t\t<div class=\"elementor-element elementor-element-52b7e9b elementor-widget elementor-widget-text-editor\" data-id=\"52b7e9b\" data-element_type=\"widget\" data-e-type=\"widget\" data-widget_type=\"text-editor.default\">\n\t\t\t\t<div class=\"elementor-widget-container\">\n\t\t\t\t\t\t\t\t\t<p>13.01 2022\u00a0 IT Central Station k\u00e4ytt\u00e4j\u00e4t arvioivat VDI tuotteita kokemuksen pohjalta.\u00a0<\/p>\n<p><a href=\"https:\/\/www.idgconnect.com\/article\/3646540\/virtual-desktop-infrastructure-vdi-which-solution-is-best.html?utm_campaign=Oktopost-2022+-+Parallels+RAS&amp;utm_content=Oktopost-LinkedIn&amp;utm_medium=social&amp;utm_source=LinkedIn\">Lue testi<\/a><\/p>\t\t\t\t\t\t\t\t<\/div>\n\t\t\t\t<\/div>\n\t\t\t\t\t<\/div>\n\t\t<\/div>\n\t\t\t\t\t<\/div>\n\t\t<\/section>\n\t\t\t\t<section class=\"elementor-section elementor-top-section elementor-element elementor-element-b9f678c elementor-section-boxed elementor-section-height-default elementor-section-height-default\" data-id=\"b9f678c\" data-element_type=\"section\" data-e-type=\"section\">\n\t\t\t\t\t\t<div class=\"elementor-container elementor-column-gap-default\">\n\t\t\t\t\t<div class=\"elementor-column elementor-col-100 elementor-top-column elementor-element elementor-element-6ea13c8\" data-id=\"6ea13c8\" data-element_type=\"column\" data-e-type=\"column\">\n\t\t\t<div class=\"elementor-widget-wrap elementor-element-populated\">\n\t\t\t\t\t\t<div class=\"elementor-element elementor-element-46e1d12 elementor-widget elementor-widget-image\" data-id=\"46e1d12\" data-element_type=\"widget\" data-e-type=\"widget\" data-widget_type=\"image.default\">\n\t\t\t\t<div class=\"elementor-widget-container\">\n\t\t\t\t\t\t\t\t\t\t\t\t\t\t\t<img fetchpriority=\"high\" decoding=\"async\" width=\"525\" height=\"275\" src=\"https:\/\/parallels.etcnet.fi\/wp-content\/uploads\/2022\/01\/1642168836524-1024x536.jpeg\" class=\"attachment-large size-large wp-image-267\" alt=\"\" srcset=\"https:\/\/parallels.etcnet.fi\/wp-content\/uploads\/2022\/01\/1642168836524-1024x536.jpeg 1024w, https:\/\/parallels.etcnet.fi\/wp-content\/uploads\/2022\/01\/1642168836524-300x157.jpeg 300w, https:\/\/parallels.etcnet.fi\/wp-content\/uploads\/2022\/01\/1642168836524-768x402.jpeg 768w, https:\/\/parallels.etcnet.fi\/wp-content\/uploads\/2022\/01\/1642168836524.webp 1200w\" sizes=\"100vw\" \/>\t\t\t\t\t\t\t\t\t\t\t\t\t\t\t<\/div>\n\t\t\t\t<\/div>\n\t\t\t\t\t<\/div>\n\t\t<\/div>\n\t\t\t\t\t<\/div>\n\t\t<\/section>\n\t\t\t\t<section class=\"elementor-section elementor-top-section elementor-element elementor-element-1116ea7 elementor-section-boxed elementor-section-height-default elementor-section-height-default\" data-id=\"1116ea7\" data-element_type=\"section\" data-e-type=\"section\">\n\t\t\t\t\t\t<div class=\"elementor-container elementor-column-gap-default\">\n\t\t\t\t\t<div class=\"elementor-column elementor-col-100 elementor-top-column elementor-element elementor-element-66d3cea\" data-id=\"66d3cea\" data-element_type=\"column\" data-e-type=\"column\">\n\t\t\t<div class=\"elementor-widget-wrap elementor-element-populated\">\n\t\t\t\t\t\t<div class=\"elementor-element elementor-element-67f15eb elementor-widget elementor-widget-heading\" data-id=\"67f15eb\" data-element_type=\"widget\" data-e-type=\"widget\" data-widget_type=\"heading.default\">\n\t\t\t\t<div class=\"elementor-widget-container\">\n\t\t\t\t\t<h2 class=\"elementor-heading-title elementor-size-default\">Corel vaihtaa nimens\u00e4 Alludo:ksi<\/h2>\t\t\t\t<\/div>\n\t\t\t\t<\/div>\n\t\t\t\t\t<\/div>\n\t\t<\/div>\n\t\t\t\t\t<\/div>\n\t\t<\/section>\n\t\t\t\t<section class=\"elementor-section elementor-top-section elementor-element elementor-element-52c2778 elementor-section-boxed elementor-section-height-default elementor-section-height-default\" data-id=\"52c2778\" data-element_type=\"section\" data-e-type=\"section\">\n\t\t\t\t\t\t<div class=\"elementor-container elementor-column-gap-default\">\n\t\t\t\t\t<div class=\"elementor-column elementor-col-100 elementor-top-column elementor-element elementor-element-055f2fb\" data-id=\"055f2fb\" data-element_type=\"column\" data-e-type=\"column\">\n\t\t\t<div class=\"elementor-widget-wrap elementor-element-populated\">\n\t\t\t\t\t\t<div class=\"elementor-element elementor-element-9253f64 elementor-widget elementor-widget-text-editor\" data-id=\"9253f64\" data-element_type=\"widget\" data-e-type=\"widget\" data-widget_type=\"text-editor.default\">\n\t\t\t\t<div class=\"elementor-widget-container\">\n\t\t\t\t\t\t\t\t\t<p>13.09 2022. Uusi nimi kuvaa paremmin nykyisen toiminnan.\u00a0<\/p><p><a href=\"https:\/\/www.alludo.com\/en\/newsroom\/press-releases\/20220913-corel-rebrands-as-alludo\/\">Lis\u00e4tietoja<\/a><\/p>\t\t\t\t\t\t\t\t<\/div>\n\t\t\t\t<\/div>\n\t\t\t\t\t<\/div>\n\t\t<\/div>\n\t\t\t\t\t<\/div>\n\t\t<\/section>\n\t\t\t\t<section class=\"elementor-section elementor-top-section elementor-element elementor-element-401143d elementor-section-boxed elementor-section-height-default elementor-section-height-default\" data-id=\"401143d\" data-element_type=\"section\" data-e-type=\"section\">\n\t\t\t\t\t\t<div class=\"elementor-container elementor-column-gap-default\">\n\t\t\t\t\t<div class=\"elementor-column elementor-col-100 elementor-top-column elementor-element elementor-element-e69a190\" data-id=\"e69a190\" data-element_type=\"column\" data-e-type=\"column\">\n\t\t\t<div class=\"elementor-widget-wrap elementor-element-populated\">\n\t\t\t\t\t\t<div class=\"elementor-element elementor-element-b0fa04c elementor-widget elementor-widget-heading\" data-id=\"b0fa04c\" data-element_type=\"widget\" data-e-type=\"widget\" data-widget_type=\"heading.default\">\n\t\t\t\t<div class=\"elementor-widget-container\">\n\t\t\t\t\t<h2 class=\"elementor-heading-title elementor-size-default\"><a href=\"https:\/\/www.alludo.com\/en\/newsroom\/press-releases\/20230117-alludo-idc-marketscape\/\">17.01 2023<br>Alludo Named a Major Player in the 2022-2023 IDC MarketScape Report for Worldwide Virtual Client Computing in Recognition of the Capabilities Delivered by Parallels RAS (Remote Application Server)<br><\/a><\/h2>\t\t\t\t<\/div>\n\t\t\t\t<\/div>\n\t\t\t\t\t<\/div>\n\t\t<\/div>\n\t\t\t\t\t<\/div>\n\t\t<\/section>\n\t\t\t\t<\/div>\n\t\t","protected":false},"excerpt":{"rendered":"<p>Corel ostaa Parallelsin 20.12.2018\u00a0 Kanadalainen ohjelmistoyritys Corel hankki omistukseensa Parallels yrityksen, joka tunnetaan Parallels RASin lis\u00e4ksi MAC:lle tarkoitetusta virtuaalisoinnista sek\u00e4\u00a0 apuohjelmista Parallelsin lehdist\u00f6tiedote Uusi versio 17 25.06.2019\u00a0 Parallels RAS uusin versio 17 on julkaistu. Uutta on Google Authenticator, Windows Server 2019 tuki, teko-\u00e4ly toiminto nopeaan kirjautumiseen, paranneltuja hallinta ty\u00f6kaluja\u00a0 ja paljon muuta. Parallelsin tiedote IDC &hellip; <\/p>\n<p class=\"link-more\"><a href=\"https:\/\/parallels.etcnet.fi\/index.php\/uutisia\/\" class=\"more-link\">Continue reading<span class=\"screen-reader-text\"> &#8220;Uutisia&#8221;<\/span><\/a><\/p>\n","protected":false},"author":2,"featured_media":0,"parent":0,"menu_order":0,"comment_status":"closed","ping_status":"closed","template":"","meta":{"footnotes":""},"class_list":["post-201","page","type-page","status-publish","hentry"],"yoast_head":"<!-- This site is optimized with the Yoast SEO plugin v27.4 - https:\/\/yoast.com\/product\/yoast-seo-wordpress\/ -->\n<title>Uutisia - Parallels<\/title>\n<meta name=\"robots\" content=\"index, follow, max-snippet:-1, max-image-preview:large, max-video-preview:-1\" \/>\n<link rel=\"canonical\" href=\"https:\/\/parallels.etcnet.fi\/index.php\/uutisia\/\" \/>\n<meta property=\"og:locale\" content=\"en_US\" \/>\n<meta property=\"og:type\" content=\"article\" \/>\n<meta property=\"og:title\" content=\"Uutisia - Parallels\" \/>\n<meta property=\"og:description\" content=\"Corel ostaa Parallelsin 20.12.2018\u00a0 Kanadalainen ohjelmistoyritys Corel hankki omistukseensa Parallels yrityksen, joka tunnetaan Parallels RASin lis\u00e4ksi MAC:lle tarkoitetusta virtuaalisoinnista sek\u00e4\u00a0 apuohjelmista Parallelsin lehdist\u00f6tiedote Uusi versio 17 25.06.2019\u00a0 Parallels RAS uusin versio 17 on julkaistu. Uutta on Google Authenticator, Windows Server 2019 tuki, teko-\u00e4ly toiminto nopeaan kirjautumiseen, paranneltuja hallinta ty\u00f6kaluja\u00a0 ja paljon muuta. Parallelsin tiedote IDC &hellip; Continue reading &quot;Uutisia&quot;\" \/>\n<meta property=\"og:url\" content=\"https:\/\/parallels.etcnet.fi\/index.php\/uutisia\/\" \/>\n<meta property=\"og:site_name\" content=\"Parallels\" \/>\n<meta property=\"article:modified_time\" content=\"2025-02-24T14:46:51+00:00\" \/>\n<meta property=\"og:image\" content=\"https:\/\/parallels.etcnet.fi\/wp-content\/uploads\/2022\/01\/1642168836524.webp\" \/>\n\t<meta property=\"og:image:width\" content=\"1200\" \/>\n\t<meta property=\"og:image:height\" content=\"628\" \/>\n\t<meta property=\"og:image:type\" content=\"image\/webp\" \/>\n<meta name=\"twitter:card\" content=\"summary_large_image\" \/>\n<meta name=\"twitter:label1\" content=\"Est. reading time\" \/>\n\t<meta name=\"twitter:data1\" content=\"1 minute\" \/>\n<script type=\"application\/ld+json\" class=\"yoast-schema-graph\">{\"@context\":\"https:\\\/\\\/schema.org\",\"@graph\":[{\"@type\":\"WebPage\",\"@id\":\"https:\\\/\\\/parallels.etcnet.fi\\\/index.php\\\/uutisia\\\/\",\"url\":\"https:\\\/\\\/parallels.etcnet.fi\\\/index.php\\\/uutisia\\\/\",\"name\":\"Uutisia - Parallels\",\"isPartOf\":{\"@id\":\"https:\\\/\\\/parallels.etcnet.fi\\\/#website\"},\"primaryImageOfPage\":{\"@id\":\"https:\\\/\\\/parallels.etcnet.fi\\\/index.php\\\/uutisia\\\/#primaryimage\"},\"image\":{\"@id\":\"https:\\\/\\\/parallels.etcnet.fi\\\/index.php\\\/uutisia\\\/#primaryimage\"},\"thumbnailUrl\":\"https:\\\/\\\/parallels.etcnet.fi\\\/wp-content\\\/uploads\\\/2022\\\/01\\\/1642168836524-1024x536.jpeg\",\"datePublished\":\"2018-12-27T15:41:23+00:00\",\"dateModified\":\"2025-02-24T14:46:51+00:00\",\"breadcrumb\":{\"@id\":\"https:\\\/\\\/parallels.etcnet.fi\\\/index.php\\\/uutisia\\\/#breadcrumb\"},\"inLanguage\":\"en-US\",\"potentialAction\":[{\"@type\":\"ReadAction\",\"target\":[\"https:\\\/\\\/parallels.etcnet.fi\\\/index.php\\\/uutisia\\\/\"]}]},{\"@type\":\"ImageObject\",\"inLanguage\":\"en-US\",\"@id\":\"https:\\\/\\\/parallels.etcnet.fi\\\/index.php\\\/uutisia\\\/#primaryimage\",\"url\":\"https:\\\/\\\/parallels.etcnet.fi\\\/wp-content\\\/uploads\\\/2022\\\/01\\\/1642168836524.webp\",\"contentUrl\":\"https:\\\/\\\/parallels.etcnet.fi\\\/wp-content\\\/uploads\\\/2022\\\/01\\\/1642168836524.webp\",\"width\":1200,\"height\":628},{\"@type\":\"BreadcrumbList\",\"@id\":\"https:\\\/\\\/parallels.etcnet.fi\\\/index.php\\\/uutisia\\\/#breadcrumb\",\"itemListElement\":[{\"@type\":\"ListItem\",\"position\":1,\"name\":\"Home\",\"item\":\"https:\\\/\\\/parallels.etcnet.fi\\\/\"},{\"@type\":\"ListItem\",\"position\":2,\"name\":\"Uutisia\"}]},{\"@type\":\"WebSite\",\"@id\":\"https:\\\/\\\/parallels.etcnet.fi\\\/#website\",\"url\":\"https:\\\/\\\/parallels.etcnet.fi\\\/\",\"name\":\"Parallels\",\"description\":\"Asiantuntija ja myynti Suomessa: Etcetera Networks 075 3267910, info@etcnet.fi\",\"publisher\":{\"@id\":\"https:\\\/\\\/parallels.etcnet.fi\\\/#organization\"},\"potentialAction\":[{\"@type\":\"SearchAction\",\"target\":{\"@type\":\"EntryPoint\",\"urlTemplate\":\"https:\\\/\\\/parallels.etcnet.fi\\\/?s={search_term_string}\"},\"query-input\":{\"@type\":\"PropertyValueSpecification\",\"valueRequired\":true,\"valueName\":\"search_term_string\"}}],\"inLanguage\":\"en-US\"},{\"@type\":\"Organization\",\"@id\":\"https:\\\/\\\/parallels.etcnet.fi\\\/#organization\",\"name\":\"Parallels\",\"url\":\"https:\\\/\\\/parallels.etcnet.fi\\\/\",\"logo\":{\"@type\":\"ImageObject\",\"inLanguage\":\"en-US\",\"@id\":\"https:\\\/\\\/parallels.etcnet.fi\\\/#\\\/schema\\\/logo\\\/image\\\/\",\"url\":\"https:\\\/\\\/parallels.etcnet.fi\\\/wp-content\\\/uploads\\\/2018\\\/11\\\/Screen-Shot-2018-11-01-at-21.14.48.png\",\"contentUrl\":\"https:\\\/\\\/parallels.etcnet.fi\\\/wp-content\\\/uploads\\\/2018\\\/11\\\/Screen-Shot-2018-11-01-at-21.14.48.png\",\"width\":264,\"height\":95,\"caption\":\"Parallels\"},\"image\":{\"@id\":\"https:\\\/\\\/parallels.etcnet.fi\\\/#\\\/schema\\\/logo\\\/image\\\/\"},\"sameAs\":[\"https:\\\/\\\/www.linkedin.com\\\/company\\\/33318119\"]}]}<\/script>\n<!-- \/ Yoast SEO plugin. -->","yoast_head_json":{"title":"Uutisia - Parallels","robots":{"index":"index","follow":"follow","max-snippet":"max-snippet:-1","max-image-preview":"max-image-preview:large","max-video-preview":"max-video-preview:-1"},"canonical":"https:\/\/parallels.etcnet.fi\/index.php\/uutisia\/","og_locale":"en_US","og_type":"article","og_title":"Uutisia - Parallels","og_description":"Corel ostaa Parallelsin 20.12.2018\u00a0 Kanadalainen ohjelmistoyritys Corel hankki omistukseensa Parallels yrityksen, joka tunnetaan Parallels RASin lis\u00e4ksi MAC:lle tarkoitetusta virtuaalisoinnista sek\u00e4\u00a0 apuohjelmista Parallelsin lehdist\u00f6tiedote Uusi versio 17 25.06.2019\u00a0 Parallels RAS uusin versio 17 on julkaistu. Uutta on Google Authenticator, Windows Server 2019 tuki, teko-\u00e4ly toiminto nopeaan kirjautumiseen, paranneltuja hallinta ty\u00f6kaluja\u00a0 ja paljon muuta. Parallelsin tiedote IDC &hellip; Continue reading \"Uutisia\"","og_url":"https:\/\/parallels.etcnet.fi\/index.php\/uutisia\/","og_site_name":"Parallels","article_modified_time":"2025-02-24T14:46:51+00:00","og_image":[{"width":1200,"height":628,"url":"https:\/\/parallels.etcnet.fi\/wp-content\/uploads\/2022\/01\/1642168836524.webp","type":"image\/webp"}],"twitter_card":"summary_large_image","twitter_misc":{"Est. reading time":"1 minute"},"schema":{"@context":"https:\/\/schema.org","@graph":[{"@type":"WebPage","@id":"https:\/\/parallels.etcnet.fi\/index.php\/uutisia\/","url":"https:\/\/parallels.etcnet.fi\/index.php\/uutisia\/","name":"Uutisia - Parallels","isPartOf":{"@id":"https:\/\/parallels.etcnet.fi\/#website"},"primaryImageOfPage":{"@id":"https:\/\/parallels.etcnet.fi\/index.php\/uutisia\/#primaryimage"},"image":{"@id":"https:\/\/parallels.etcnet.fi\/index.php\/uutisia\/#primaryimage"},"thumbnailUrl":"https:\/\/parallels.etcnet.fi\/wp-content\/uploads\/2022\/01\/1642168836524-1024x536.jpeg","datePublished":"2018-12-27T15:41:23+00:00","dateModified":"2025-02-24T14:46:51+00:00","breadcrumb":{"@id":"https:\/\/parallels.etcnet.fi\/index.php\/uutisia\/#breadcrumb"},"inLanguage":"en-US","potentialAction":[{"@type":"ReadAction","target":["https:\/\/parallels.etcnet.fi\/index.php\/uutisia\/"]}]},{"@type":"ImageObject","inLanguage":"en-US","@id":"https:\/\/parallels.etcnet.fi\/index.php\/uutisia\/#primaryimage","url":"https:\/\/parallels.etcnet.fi\/wp-content\/uploads\/2022\/01\/1642168836524.webp","contentUrl":"https:\/\/parallels.etcnet.fi\/wp-content\/uploads\/2022\/01\/1642168836524.webp","width":1200,"height":628},{"@type":"BreadcrumbList","@id":"https:\/\/parallels.etcnet.fi\/index.php\/uutisia\/#breadcrumb","itemListElement":[{"@type":"ListItem","position":1,"name":"Home","item":"https:\/\/parallels.etcnet.fi\/"},{"@type":"ListItem","position":2,"name":"Uutisia"}]},{"@type":"WebSite","@id":"https:\/\/parallels.etcnet.fi\/#website","url":"https:\/\/parallels.etcnet.fi\/","name":"Parallels","description":"Asiantuntija ja myynti Suomessa: Etcetera Networks 075 3267910, info@etcnet.fi","publisher":{"@id":"https:\/\/parallels.etcnet.fi\/#organization"},"potentialAction":[{"@type":"SearchAction","target":{"@type":"EntryPoint","urlTemplate":"https:\/\/parallels.etcnet.fi\/?s={search_term_string}"},"query-input":{"@type":"PropertyValueSpecification","valueRequired":true,"valueName":"search_term_string"}}],"inLanguage":"en-US"},{"@type":"Organization","@id":"https:\/\/parallels.etcnet.fi\/#organization","name":"Parallels","url":"https:\/\/parallels.etcnet.fi\/","logo":{"@type":"ImageObject","inLanguage":"en-US","@id":"https:\/\/parallels.etcnet.fi\/#\/schema\/logo\/image\/","url":"https:\/\/parallels.etcnet.fi\/wp-content\/uploads\/2018\/11\/Screen-Shot-2018-11-01-at-21.14.48.png","contentUrl":"https:\/\/parallels.etcnet.fi\/wp-content\/uploads\/2018\/11\/Screen-Shot-2018-11-01-at-21.14.48.png","width":264,"height":95,"caption":"Parallels"},"image":{"@id":"https:\/\/parallels.etcnet.fi\/#\/schema\/logo\/image\/"},"sameAs":["https:\/\/www.linkedin.com\/company\/33318119"]}]}},"jetpack_sharing_enabled":true,"_links":{"self":[{"href":"https:\/\/parallels.etcnet.fi\/index.php\/wp-json\/wp\/v2\/pages\/201","targetHints":{"allow":["GET"]}}],"collection":[{"href":"https:\/\/parallels.etcnet.fi\/index.php\/wp-json\/wp\/v2\/pages"}],"about":[{"href":"https:\/\/parallels.etcnet.fi\/index.php\/wp-json\/wp\/v2\/types\/page"}],"author":[{"embeddable":true,"href":"https:\/\/parallels.etcnet.fi\/index.php\/wp-json\/wp\/v2\/users\/2"}],"replies":[{"embeddable":true,"href":"https:\/\/parallels.etcnet.fi\/index.php\/wp-json\/wp\/v2\/comments?post=201"}],"version-history":[{"count":32,"href":"https:\/\/parallels.etcnet.fi\/index.php\/wp-json\/wp\/v2\/pages\/201\/revisions"}],"predecessor-version":[{"id":368,"href":"https:\/\/parallels.etcnet.fi\/index.php\/wp-json\/wp\/v2\/pages\/201\/revisions\/368"}],"wp:attachment":[{"href":"https:\/\/parallels.etcnet.fi\/index.php\/wp-json\/wp\/v2\/media?parent=201"}],"curies":[{"name":"wp","href":"https:\/\/api.w.org\/{rel}","templated":true}]}}